{"id":117,"date":"2018-02-26T08:51:24","date_gmt":"2018-02-26T08:51:24","guid":{"rendered":"http:\/\/10.44.205.152\/free-1\/mesmerize\/"},"modified":"2024-11-12T21:48:32","modified_gmt":"2024-11-12T20:48:32","slug":"mesmerize","status":"publish","type":"page","link":"https:\/\/www.visionpourlafrique.org\/en\/","title":{"rendered":"Front Page"},"content":{"rendered":"<div  data-label=\"Nos champs dactions\" data-id=\"features--3\" data-export-id=\"features-16-card-bordered-mc\" data-category=\"features\" class=\"features-16-card-bordered-mc content-section content-section-spacing\" id=\"nos-champs-dactions\" style=\"background-color: rgb(245, 250, 253);\"><div  class=\"gridContainer\"> <div  class=\"row text-center\"><div  class=\"section-title-col\" data-type=\"column\"> <h5  class=\"\">Activit\u00e9s<\/h5> <h2  class=\"\">Nos champs d\u2019actions<\/h2> <p  class=\"lead\">Depuis 2007, VIPA-MIPA op\u00e8rent sur le terrain missionnaire au travers de divers projets.<\/p><\/div> <\/div> <div  class=\"row spaced-cols\" data-type=\"row\"> <div  class=\"col-xs-12 col-sm-6 col-md-3\"> <div  class=\"card no-padding bordered y-move\"> <img  decoding=\"async\" class=\"face\" src=\"https:\/\/www.visionpourlafrique.org\/wp-content\/uploads\/2021\/10\/Photo-de-LionEl-2-e1668327283616.jpg\" title=\"Eglise 1\" alt=\"\"> <div  data-type=\"column\" class=\"col-padding-small col-padding-small-xs description-container\"> <h4  class=\"font-500\">Oeuvre missionnaire<\/h4> <p  class=\"\" data-mci-spellchecked=\"true\" style=\"word-break: break-word; position: relative; z-index: 0;\">Implantation d\u2019\u00e9glises, formation de leaders, autonomisation financi\u00e8re des missionnaires, etc.<\/p><\/div> <div  data-type=\"column\" class=\"col-padding-small col-padding-small-xs read-more-container\"><a class=\"read-more\" href=\"https:\/\/www.visionpourlafrique.org\/en\/nos-actions\/#oeuvre-missionaire\" target=\"_self\" data-cp-link=\"1\" rel=\"noopener\">En savoir plus<\/a><\/div> <\/div><\/div> <div  class=\"col-xs-12 col-sm-6 col-md-3\"><div  class=\"card no-padding bordered y-move\"> <img  decoding=\"async\" class=\"face\" src=\"https:\/\/www.visionpourlafrique.org\/wp-content\/uploads\/2021\/10\/Photo-de-LionEl-e1668327367731.jpg\" title=\"Moulin 1\" alt=\"\"> <div  data-type=\"column\" class=\"col-padding-small col-padding-small-xs description-container\"> <h4  class=\"font-500\">D\u00e9veloppements communautaires<\/h4> <p  class=\"\" data-mci-spellchecked=\"true\" style=\"word-break: break-word; position: relative; z-index: 0;\">Construction de puits d\u2019eau potable, installation de moulins communautaires, alphab\u00e9tisation, etc.<\/p><\/div> <div  data-type=\"column\" class=\"col-padding-small col-padding-small-xs read-more-container\"><a class=\"read-more\" href=\"#\" target=\"_self\" data-cp-link=\"1\" rel=\"noopener\">En savoir plus<\/a><\/div> <\/div><\/div> <div  class=\"col-xs-12 col-sm-6 col-md-3\"><div  class=\"card no-padding bordered y-move\"> <img  decoding=\"async\" class=\"face\" src=\"https:\/\/www.visionpourlafrique.org\/wp-content\/uploads\/2024\/11\/cropped-tetiana-grypachevska-80x3QULJDN4-unsplash-scaled-1.jpg\" title=\"tetiana-grypachevska-80x3QULJDN4-unsplash\" alt=\"\"> <div  data-type=\"column\" class=\"col-padding-small col-padding-small-xs description-container\"> <h4  class=\"font-500\">Actions d\u2019urgence<\/h4> <p  class=\"\" data-mci-spellchecked=\"true\" style=\"word-break: break-word; position: relative; z-index: 0;\">Assistance aux \u00e9glises et aux populations sur place en cas de catastrophes naturelles, en cas d\u2019interventions n\u00e9cessiteuses, etc.<\/p><\/div> <div  data-type=\"column\" class=\"col-padding-small col-padding-small-xs read-more-container\"><a class=\"read-more\" href=\"#\" target=\"_self\" data-cp-link=\"1\" rel=\"noopener\">En savoir plus<\/a><\/div> <\/div><\/div> <div  class=\"col-xs-12 col-sm-6 col-md-3\"> <div  class=\"card no-padding bordered y-move\"> <img  decoding=\"async\" class=\"face\" src=\"https:\/\/www.visionpourlafrique.org\/wp-content\/uploads\/2023\/06\/cropped-20221104_115911-scaled-1.jpg\" title=\"20221104_115911\" alt=\"\"> <div  data-type=\"column\" class=\"col-padding-small col-padding-small-xs description-container\"> <h4  class=\"font-500\" data-mci-spellchecked=\"true\" style=\"word-break: break-word; position: relative; z-index: 0;\">Autofinancement de missions locales<\/h4> <p  class=\"\" data-mci-spellchecked=\"true\" style=\"word-break: break-word; position: relative; z-index: 0;\">Plans d\u2019investissements dans des domaines porteurs comme l\u2019agriculture, l\u2019\u00e9ducation, l\u2019immobilier, etc.<\/p><\/div> <div  data-type=\"column\" class=\"col-padding-small col-padding-small-xs read-more-container\"><a class=\"read-more\" href=\"https:\/\/www.visionpourlafrique.org\/en\/nos-actions\/#autofinancement-missions-locales\" target=\"_self\" data-cp-link=\"1\" rel=\"noopener\">En savoir plus<\/a><\/div> <\/div><\/div><\/div><\/div> <\/div><div  id=\"comment-agir\" style=\"background-color: #ffffff; background-image: none;\" data-label=\"Comment agir\" data-id=\"overlappable-4\" data-export-id=\"overlappable-4\" data-category=\"overlappable\" class=\"overlappable-4 content-section content-section-spacing\" data-overlap=\"true\">\n    <div  class=\"gridContainer\">\n    <div  data-type=\"row\" class=\"row spaced-cols text-center\">\n    <div  class=\"col-xs-12 col-sm-4 col-padding\">\n    \n    <i  class=\"fa icon shadow-large-black aligncenter color1 fa-child reverse round large\"> <\/i>\n    <div  data-type=\"column\" class=\"\">\n    <h5  class=\"\">PRIERES<\/h5>\n    <p  class=\"\">Nous donnons r\u00e9guli\u00e8rement des sujets de pri\u00e8res sur notre groupe WhatsApp. Nous organisons des rencontres de pri\u00e8res dans les \u00e9glises.<\/p>\n    \n    <\/div>\n    <\/div>\n    <div  class=\"col-xs-12 col-sm-4 col-padding\">\n    \n    <a  data-cp-link=\"1\" href=\"#\"><i  class=\"fa icon shadow-large-black aligncenter color1 fa-plane reverse round large\"> <\/i><\/a>\n    <div  data-type=\"column\" class=\"\">\n    <h5  class=\"\">ACTIONS<\/h5>\n    <p  class=\"\">Vous pouvez participer \u00e0 des voyages missionnaires (\u00e0 court ou moyen terme) pour toucher du doigt la r\u00e9alit\u00e9 du terrain. Nous envoyons chaque ann\u00e9e des d\u00e9l\u00e9gations dans diff\u00e9rents pays.<\/p>\n    \n    <\/div>\n    <\/div>\n    <div  class=\"col-xs-12 col-sm-4 col-padding\">\n    \n    <i  class=\"fa icon shadow-large-black aligncenter color1 fa-heart reverse round large\"> <\/i>\n    <div  data-type=\"column\" class=\"\">\n    <h5  class=\"\">DONS<\/h5>\n    <p  class=\"\" data-mci-spellchecked=\"true\" style=\"word-break: break-word; position: relative; z-index: 0;\">Ceux-ci nous&nbsp;permettent de r\u00e9aliser les projets cit\u00e9s pr\u00e9c\u00e9demment.&nbsp;Notre syst\u00e8me de paiement est s\u00e9curis\u00e9. Vous pouvez&nbsp;faire un don par virement, ch\u00e8que, esp\u00e8ces ou&nbsp;en ligne.<\/p>\n    \n    <\/div>\n    <\/div>\n    <\/div>\n    <\/div>\n    <\/div><div  data-label=\"Nous soutenir\" data-id=\"cta-blue-section\" data-export-id=\"cta-blue-section\" data-category=\"cta\" class=\"cta-blue-section content-section content-section-spacing-medium bg-color1 white-text\" id=\"nous-soutenir\">\n    <div  class=\"gridContainer\">\n    <div  class=\"row middle-xs\">\n    <div  class=\"col-sm-8 space-bottom-xs\" data-type=\"column\">\n    <h2  class=\"\">Soutenez-nous !<\/h2>\n    <\/div>\n    <div  class=\"col-sm-4 end-sm\" data-type=\"column\"><a class=\"button color2\" href=\"https:\/\/www.visionpourlafrique.org\/en\/nous-soutenir\/\" target=\"_self\" data-cp-link=\"1\" rel=\"noopener\"> FAIRE UN DON <\/a><\/div>\n    <\/div>\n    <\/div>\n    <\/div><div  data-label=\"About\" data-id=\"about-images-right-section\" data-export-id=\"about-images-right-section\" data-category=\"about\" class=\"about-images-right-section content-section content-section-spacing\" id=\"about-12\" style=\"background-color: rgb(245, 250, 253);\"> <div  class=\"gridContainer\"> <div  class=\"row middle-sm text-center\"> <div  class=\"col-sm-5 content-left-sm\" data-type=\"column\"> <h5  class=\"\"> Pri\u00e8re &amp; Actions<\/h5> <h2  class=\"\">Implantation d\u2019\u00e9glise,<br ><span  style=\"font-family: Playfair Display, sans-serif; font-weight: 700; font-style: italic;\" href=\"#\">d\u00e9velopement,&nbsp;<\/span>actions chr\u00e9tiennes<\/h2> <p  class=\"\">Nous accompagnons les implantations d\u2019\u00e9glises par des projets humanitaires et caritatifs en vue de la transformation des communaut\u00e9s.<\/p> <a class=\"button color1\" href=\"https:\/\/www.visionpourlafrique.org\/en\/nos-actions\/\" target=\"_self\" data-cp-link=\"1\" rel=\"noopener\"> EN SAVOIR PLUS <\/a> <\/div> <div  class=\"col-sm-7\"> <div  class=\"image-group-side-3-img\"> <a data-cp-link=\"1\" href=\"#\" class=\"top-img-anchor\" target=\"_self\" rel=\"noopener\"><img  decoding=\"async\" class=\"topimg shadow-large\" src=\"https:\/\/www.visionpourlafrique.org\/wp-content\/uploads\/2021\/10\/Photo-de-LionEl-1.jpg\"><\/a> <img  decoding=\"async\" class=\"rightimg shadow-large\" src=\"https:\/\/www.visionpourlafrique.org\/wp-content\/uploads\/2021\/10\/Photo-de-LionEl-2-e1668327283616.jpg\" title=\"Eglise 1\" alt=\"\"> <div  class=\"leftimg\"> <a data-cp-link=\"1\" href=\"#\" target=\"_self\" rel=\"noopener\"><img  decoding=\"async\" class=\"shadow-large\" src=\"https:\/\/www.visionpourlafrique.org\/wp-content\/uploads\/2021\/10\/Photo-de-LionEl-e1668327367731.jpg\"><\/a> <\/div> <\/div> <\/div> <\/div> <\/div> <\/div><div  data-label=\"Nous contacter\" data-id=\"contact-1\" data-export-id=\"contact-1\" data-category=\"contact\" class=\"contact-1 content-section content-section-spacing white-text\" data-parallax-depth=\"20\" id=\"nous-contacter\" style=\"background-color: #ffffff; background-image: url('https:\/\/www.visionpourlafrique.org\/wp-content\/uploads\/2018\/02\/contact-bg.jpg'); background-size: cover; background-position: center top;\">\n    <div  class=\"\">\n    <div  class=\"row text-center\">\n    <div  class=\"section-title-col\" data-type=\"column\">\n    <h2  class=\"\">Nous contacter<\/h2>\n    <p  class=\"lead\">Vous pouvez-nous laisser un message via le formulaire ci-dessous. Nous t\u00e2cherons de vous r\u00e9pondre dans les meilleurs d\u00e9lais.<\/p>\n    \n    <\/div>\n    <\/div>\n    <div  class=\"row text-center\">\n    <div  class=\"col-xs-12 col-sm-8 col-sm-offset-2 contact-form-wrapper inline-info\">\n    <div  class=\"card large-padding\">\n    <div  class=\"\" data-content-shortcode=\"mesmerize_contact_form shortcode=&quot;contact-form-7 id=&amp;amp;quot;55&amp;amp;quot; title=&amp;amp;quot;Contact form 1&amp;amp;quot;&quot;\" data-editable=\"true\">\n<div class=\"wpcf7 no-js\" id=\"wpcf7-f55-o1\" lang=\"fr-FR\" dir=\"ltr\" data-wpcf7-id=\"55\">\n<div class=\"screen-reader-response\"><p role=\"status\" aria-live=\"polite\" aria-atomic=\"true\"><\/p> <ul><\/ul><\/div>\n<form action=\"\/en\/wp-json\/wp\/v2\/pages\/117#wpcf7-f55-o1\" method=\"post\" class=\"wpcf7-form init\" aria-label=\"Formulaire de contact\" novalidate=\"novalidate\" data-status=\"init\" data-trp-original-action=\"\/en\/wp-json\/wp\/v2\/pages\/117#wpcf7-f55-o1\">\n<fieldset class=\"hidden-fields-container\"><input type=\"hidden\" name=\"_wpcf7\" value=\"55\" \/><input type=\"hidden\" name=\"_wpcf7_version\" value=\"6.1.5\" \/><input type=\"hidden\" name=\"_wpcf7_locale\" value=\"fr_FR\" \/><input type=\"hidden\" name=\"_wpcf7_unit_tag\" value=\"wpcf7-f55-o1\" \/><input type=\"hidden\" name=\"_wpcf7_container_post\" value=\"0\" \/><input type=\"hidden\" name=\"_wpcf7_posted_data_hash\" value=\"\" \/><input type=\"hidden\" name=\"_wpcf7_recaptcha_response\" value=\"\" \/>\n<\/fieldset>\n<p><label> Votre nom<br \/>\n<span class=\"wpcf7-form-control-wrap\" data-name=\"your-name\"><input size=\"40\" maxlength=\"400\" class=\"wpcf7-form-control wpcf7-text wpcf7-validates-as-required\" aria-required=\"true\" aria-invalid=\"false\" value=\"\" type=\"text\" name=\"your-name\" \/><\/span> <\/label>\n<\/p>\n<p><label> Votre email<br \/>\n<span class=\"wpcf7-form-control-wrap\" data-name=\"your-email\"><input size=\"40\" maxlength=\"400\" class=\"wpcf7-form-control wpcf7-email wpcf7-validates-as-required wpcf7-text wpcf7-validates-as-email\" aria-required=\"true\" aria-invalid=\"false\" value=\"\" type=\"email\" name=\"your-email\" \/><\/span> <\/label>\n<\/p>\n<p><label> Objet<br \/>\n<span class=\"wpcf7-form-control-wrap\" data-name=\"your-subject\"><input size=\"40\" maxlength=\"400\" class=\"wpcf7-form-control wpcf7-text wpcf7-validates-as-required\" aria-required=\"true\" aria-invalid=\"false\" value=\"\" type=\"text\" name=\"your-subject\" \/><\/span> <\/label>\n<\/p>\n<p><label> Votre message<br \/>\n<span class=\"wpcf7-form-control-wrap\" data-name=\"your-message\"><textarea cols=\"40\" rows=\"10\" maxlength=\"2000\" class=\"wpcf7-form-control wpcf7-textarea wpcf7-validates-as-required\" aria-required=\"true\" aria-invalid=\"false\" name=\"your-message\"><\/textarea><\/span> <\/label>\n<\/p>\n<p><input class=\"wpcf7-form-control wpcf7-submit has-spinner\" type=\"submit\" value=\"Envoyer\" \/>\n<\/p><div class=\"wpcf7-response-output\" aria-hidden=\"true\"><\/div>\n<input type=\"hidden\" name=\"trp-form-language\" value=\"en\"\/><\/form>\n<\/div>\n<\/div>\n    <\/div>\n    <\/div>\n    <\/div>\n    <\/div>\n    <\/div>","protected":false},"excerpt":{"rendered":"<p>Activit\u00e9s Nos champs d\u2019actions Depuis 2007, VIPA-MIPA op\u00e8rent sur le terrain missionnaire au travers de divers projets. Oeuvre missionnaire Implantation d\u2019\u00e9glises, formation de leaders, autonomisation financi\u00e8re des missionnaires, etc. En savoir plus D\u00e9veloppements communautaires Construction de puits d\u2019eau potable, installation de moulins communautaires, alphab\u00e9tisation, etc. En savoir plus Actions d\u2019urgence Assistance aux \u00e9glises et aux&hellip; <br \/> <a class=\"read-more\" href=\"https:\/\/www.visionpourlafrique.org\/en\/\">Read more<\/a><\/p>","protected":false},"author":1,"featured_media":0,"parent":0,"menu_order":0,"comment_status":"closed","ping_status":"closed","template":"page-templates\/homepage.php","meta":{"footnotes":""},"class_list":["post-117","page","type-page","status-publish","hentry"],"_links":{"self":[{"href":"https:\/\/www.visionpourlafrique.org\/en\/wp-json\/wp\/v2\/pages\/117","targetHints":{"allow":["GET"]}}],"collection":[{"href":"https:\/\/www.visionpourlafrique.org\/en\/wp-json\/wp\/v2\/pages"}],"about":[{"href":"https:\/\/www.visionpourlafrique.org\/en\/wp-json\/wp\/v2\/types\/page"}],"author":[{"embeddable":true,"href":"https:\/\/www.visionpourlafrique.org\/en\/wp-json\/wp\/v2\/users\/1"}],"replies":[{"embeddable":true,"href":"https:\/\/www.visionpourlafrique.org\/en\/wp-json\/wp\/v2\/comments?post=117"}],"version-history":[{"count":62,"href":"https:\/\/www.visionpourlafrique.org\/en\/wp-json\/wp\/v2\/pages\/117\/revisions"}],"predecessor-version":[{"id":702,"href":"https:\/\/www.visionpourlafrique.org\/en\/wp-json\/wp\/v2\/pages\/117\/revisions\/702"}],"wp:attachment":[{"href":"https:\/\/www.visionpourlafrique.org\/en\/wp-json\/wp\/v2\/media?parent=117"}],"curies":[{"name":"wp","href":"https:\/\/api.w.org\/{rel}","templated":true}]}}